{"id":5090,"date":"2026-03-16T21:40:39","date_gmt":"2026-03-16T20:40:39","guid":{"rendered":"https:\/\/romanemoreira.com\/?page_id=5090"},"modified":"2026-03-16T23:49:26","modified_gmt":"2026-03-16T22:49:26","slug":"elementor-5090","status":"publish","type":"page","link":"https:\/\/romanemoreira.com\/index.php\/elementor-5090\/","title":{"rendered":"Elementor #5090"},"content":{"rendered":"\t\t<div data-elementor-type=\"wp-page\" data-elementor-id=\"5090\" class=\"elementor elementor-5090\" data-elementor-post-type=\"page\">\n\t\t\t\t\t\t<section class=\"elementor-section elementor-top-section elementor-element elementor-element-413325b elementor-section-boxed elementor-section-height-default elementor-section-height-default\" data-id=\"413325b\" data-element_type=\"section\" data-e-type=\"section\" data-settings=\"{&quot;background_background&quot;:&quot;classic&quot;}\">\n\t\t\t\t\t\t<div class=\"elementor-container elementor-column-gap-default\">\n\t\t\t\t\t<div class=\"elementor-column elementor-col-100 elementor-top-column elementor-element elementor-element-0b3aee3\" data-id=\"0b3aee3\" data-element_type=\"column\" data-e-type=\"column\">\n\t\t\t<div class=\"elementor-widget-wrap elementor-element-populated\">\n\t\t\t\t\t\t<div class=\"elementor-element elementor-element-7cb62d1 elementor-widget elementor-widget-heading\" data-id=\"7cb62d1\" data-element_type=\"widget\" data-e-type=\"widget\" data-widget_type=\"heading.default\">\n\t\t\t\t<div class=\"elementor-widget-container\">\n\t\t\t\t\t<h2 class=\"elementor-heading-title elementor-size-default\">R\u00e9dige des posts qui captivent enfin ton audience \u2764\ufe0f\u200d\ud83d\udd25<\/h2>\t\t\t\t<\/div>\n\t\t\t\t<\/div>\n\t\t\t\t\t<\/div>\n\t\t<\/div>\n\t\t\t\t\t<\/div>\n\t\t<\/section>\n\t\t\t\t<section class=\"elementor-section elementor-top-section elementor-element elementor-element-a43fcdd elementor-section-boxed elementor-section-height-default elementor-section-height-default\" data-id=\"a43fcdd\" data-element_type=\"section\" data-e-type=\"section\" data-settings=\"{&quot;background_background&quot;:&quot;classic&quot;}\">\n\t\t\t\t\t\t<div class=\"elementor-container elementor-column-gap-default\">\n\t\t\t\t\t<div class=\"elementor-column elementor-col-100 elementor-top-column elementor-element elementor-element-fb0dc7a\" data-id=\"fb0dc7a\" data-element_type=\"column\" data-e-type=\"column\">\n\t\t\t<div class=\"elementor-widget-wrap elementor-element-populated\">\n\t\t\t\t\t\t<div class=\"elementor-element elementor-element-ebe0fa5 elementor-widget__width-initial elementor-widget elementor-widget-heading\" data-id=\"ebe0fa5\" data-element_type=\"widget\" data-e-type=\"widget\" data-widget_type=\"heading.default\">\n\t\t\t\t<div class=\"elementor-widget-container\">\n\t\t\t\t\t<h2 class=\"elementor-heading-title elementor-size-default\">T\u00e9l\u00e9charge d\u00e8s maintenant ta vid\u00e9o offerte\ud83d\udc47<\/h2>\t\t\t\t<\/div>\n\t\t\t\t<\/div>\n\t\t\t\t\t<\/div>\n\t\t<\/div>\n\t\t\t\t\t<\/div>\n\t\t<\/section>\n\t\t\t\t<section class=\"elementor-section elementor-top-section elementor-element elementor-element-e70f8f2 elementor-section-boxed elementor-section-height-default elementor-section-height-default\" data-id=\"e70f8f2\" data-element_type=\"section\" data-e-type=\"section\" data-settings=\"{&quot;background_background&quot;:&quot;classic&quot;}\">\n\t\t\t\t\t\t<div class=\"elementor-container elementor-column-gap-default\">\n\t\t\t\t\t<div class=\"elementor-column elementor-col-50 elementor-top-column elementor-element elementor-element-22aea6d\" data-id=\"22aea6d\" data-element_type=\"column\" data-e-type=\"column\">\n\t\t\t<div class=\"elementor-widget-wrap elementor-element-populated\">\n\t\t\t\t\t\t<div class=\"elementor-element elementor-element-6151aa6 elementor-widget elementor-widget-html\" data-id=\"6151aa6\" data-element_type=\"widget\" data-e-type=\"widget\" data-widget_type=\"html.default\">\n\t\t\t\t<div class=\"elementor-widget-container\">\n\t\t\t\t\t<!-- Begin Brevo Form -->\n<!-- START - We recommend to place the below code in head tag of your website html  -->\n<style>\n  @font-face {\n    font-display: block;\n    font-family: Roboto;\n    src: url(https:\/\/assets.brevo.com\/font\/Roboto\/Latin\/normal\/normal\/7529907e9eaf8ebb5220c5f9850e3811.woff2) format(\"woff2\"), url(https:\/\/assets.brevo.com\/font\/Roboto\/Latin\/normal\/normal\/25c678feafdc175a70922a116c9be3e7.woff) format(\"woff\")\n  }\n\n  @font-face {\n    font-display: fallback;\n    font-family: Roboto;\n    font-weight: 600;\n    src: url(https:\/\/assets.brevo.com\/font\/Roboto\/Latin\/medium\/normal\/6e9caeeafb1f3491be3e32744bc30440.woff2) format(\"woff2\"), url(https:\/\/assets.brevo.com\/font\/Roboto\/Latin\/medium\/normal\/71501f0d8d5aa95960f6475d5487d4c2.woff) format(\"woff\")\n  }\n\n  @font-face {\n    font-display: fallback;\n    font-family: Roboto;\n    font-weight: 700;\n    src: url(https:\/\/assets.brevo.com\/font\/Roboto\/Latin\/bold\/normal\/3ef7cf158f310cf752d5ad08cd0e7e60.woff2) format(\"woff2\"), url(https:\/\/assets.brevo.com\/font\/Roboto\/Latin\/bold\/normal\/ece3a1d82f18b60bcce0211725c476aa.woff) format(\"woff\")\n  }\n\n  #sib-container input:-ms-input-placeholder {\n    text-align: left;\n    font-family: Helvetica, sans-serif;\n    color: #ffffff;\n  }\n\n  #sib-container input::placeholder {\n    text-align: left;\n    font-family: Helvetica, sans-serif;\n    color: #ffffff;\n  }\n\n  #sib-container textarea::placeholder {\n    text-align: left;\n    font-family: Helvetica, sans-serif;\n    color: #ffffff;\n  }\n\n  #sib-container a {\n    text-decoration: underline;\n    color: #2BB2FC;\n  }\n<\/style>\n<link rel=\"stylesheet\" href=\"https:\/\/sibforms.com\/forms\/end-form\/build\/sib-styles.css\">\n<!--  END - We recommend to place the above code in head tag of your website html -->\n\n<!-- START - We recommend to place the below code where you want the form in your website html  -->\n<div class=\"sib-form\" style=\"text-align: center;\n         background-color: #ffffff;                                 \">\n  <div id=\"sib-form-container\" class=\"sib-form-container\">\n    <div id=\"error-message\" class=\"sib-form-message-panel\" style=\"font-size:16px; text-align:left; font-family:Helvetica, sans-serif; color:#661d1d; background-color:#ffeded; border-radius:3px; border-color:#ff4949;max-width:540px;\">\n      <div class=\"sib-form-message-panel__text sib-form-message-panel__text--center\">\n        <svg viewBox=\"0 0 512 512\" class=\"sib-icon sib-notification__icon\">\n          <path d=\"M256 40c118.621 0 216 96.075 216 216 0 119.291-96.61 216-216 216-119.244 0-216-96.562-216-216 0-119.203 96.602-216 216-216m0-32C119.043 8 8 119.083 8 256c0 136.997 111.043 248 248 248s248-111.003 248-248C504 119.083 392.957 8 256 8zm-11.49 120h22.979c6.823 0 12.274 5.682 11.99 12.5l-7 168c-.268 6.428-5.556 11.5-11.99 11.5h-8.979c-6.433 0-11.722-5.073-11.99-11.5l-7-168c-.283-6.818 5.167-12.5 11.99-12.5zM256 340c-15.464 0-28 12.536-28 28s12.536 28 28 28 28-12.536 28-28-12.536-28-28-28z\" \/>\n        <\/svg>\n        <span class=\"sib-form-message-panel__inner-text\">\n                          Nous n&#039;avons pas pu confirmer votre inscription.\n                      <\/span>\n      <\/div>\n    <\/div>\n    <div><\/div>\n    <div id=\"success-message\" class=\"sib-form-message-panel\" style=\"font-size:16px; text-align:left; font-family:Helvetica, sans-serif; color:#085229; background-color:#e7faf0; border-radius:3px; border-color:#13ce66;max-width:540px;\">\n      <div class=\"sib-form-message-panel__text sib-form-message-panel__text--center\">\n        <svg viewBox=\"0 0 512 512\" class=\"sib-icon sib-notification__icon\">\n          <path d=\"M256 8C119.033 8 8 119.033 8 256s111.033 248 248 248 248-111.033 248-248S392.967 8 256 8zm0 464c-118.664 0-216-96.055-216-216 0-118.663 96.055-216 216-216 118.664 0 216 96.055 216 216 0 118.663-96.055 216-216 216zm141.63-274.961L217.15 376.071c-4.705 4.667-12.303 4.637-16.97-.068l-85.878-86.572c-4.667-4.705-4.637-12.303.068-16.97l8.52-8.451c4.705-4.667 12.303-4.637 16.97.068l68.976 69.533 163.441-162.13c4.705-4.667 12.303-4.637 16.97.068l8.451 8.52c4.668 4.705 4.637 12.303-.068 16.97z\" \/>\n        <\/svg>\n        <span class=\"sib-form-message-panel__inner-text\">\n                          Votre inscription est confirm\u00e9e.\n                      <\/span>\n      <\/div>\n    <\/div>\n    <div><\/div>\n    <div id=\"sib-container\" class=\"sib-container--large sib-container--vertical\" style=\"text-align:center; background-color:rgba(255,255,255,0.92); max-width:540px; border-radius:10px; border-width:1px; border-color:#5d1906; border-style:solid; direction:ltr\">\n      <form id=\"sib-form\" method=\"POST\" action=\"https:\/\/0aec392f.sibforms.com\/serve\/MUIFAO6Yn-QL8mN9WqPCk_WgIKPQU6ZndrGaMGg0kpn2xwDA7ISBK3UsxuYEtBLrJxG8SS3A-6KmOcFoIFU524hi7BR5wEEOmn1fNh99IK-w96HCLun-CMK3MoKCpBhwbpWp3In-am4LhBKzh8Y_jy6I3synk7RGckQKmn5PC1UNxFUEUaNUiO_BixV5tBmsyXfdMUR4HaeZtHHl\" data-type=\"subscription\">\n        <div style=\"padding: 8px 0;\">\n          <div class=\"sib-input sib-form-block\">\n            <div class=\"form__entry entry_block\">\n              <div class=\"form__label-row \">\n                <label class=\"entry__label\" style=\"font-weight: 700; text-align:left; font-size:16px; text-align:left; font-weight:700; font-family:Helvetica, sans-serif; color:#4b2515;\" for=\"PRENOM\" data-required=\"*\">Ton pr\u00e9nom :<\/label>\n\n                <div class=\"entry__field\">\n                  <input class=\"input \" maxlength=\"200\" type=\"text\" id=\"PRENOM\" name=\"PRENOM\" autocomplete=\"off\" placeholder=\"PRENOM\" data-required=\"true\" required \/>\n                <\/div>\n              <\/div>\n\n              <label class=\"entry__error entry__error--primary\" style=\"font-size:16px; text-align:left; font-family:Helvetica, sans-serif; color:#661d1d; background-color:#ffeded; border-radius:3px; border-color:#ff4949;\">\n              <\/label>\n            <\/div>\n          <\/div>\n        <\/div>\n        <div style=\"padding: 8px 0;\">\n          <div class=\"sib-input sib-form-block\">\n            <div class=\"form__entry entry_block\">\n              <div class=\"form__label-row \">\n                <label class=\"entry__label\" style=\"font-weight: 700; text-align:left; font-size:16px; text-align:left; font-weight:700; font-family:Helvetica, sans-serif; color:#4b2515;\" for=\"NOM\" data-required=\"*\">Ton nom :<\/label>\n\n                <div class=\"entry__field\">\n                  <input class=\"input \" maxlength=\"200\" type=\"text\" id=\"NOM\" name=\"NOM\" autocomplete=\"off\" placeholder=\"NOM\" data-required=\"true\" required \/>\n                <\/div>\n              <\/div>\n\n              <label class=\"entry__error entry__error--primary\" style=\"font-size:16px; text-align:left; font-family:Helvetica, sans-serif; color:#661d1d; background-color:#ffeded; border-radius:3px; border-color:#ff4949;\">\n              <\/label>\n            <\/div>\n          <\/div>\n        <\/div>\n        <div style=\"padding: 8px 0;\">\n          <div class=\"sib-input sib-form-block\">\n            <div class=\"form__entry entry_block\">\n              <div class=\"form__label-row \">\n                <label class=\"entry__label\" style=\"font-weight: 700; text-align:left; font-size:16px; text-align:left; font-weight:700; font-family:Helvetica, sans-serif; color:#4b2515;\" for=\"EMAIL\" data-required=\"*\">Ton email :<\/label>\n\n                <div class=\"entry__field\">\n                  <input class=\"input \" type=\"text\" id=\"EMAIL\" name=\"EMAIL\" autocomplete=\"off\" placeholder=\"EMAIL\" data-required=\"true\" required \/>\n                <\/div>\n              <\/div>\n\n              <label class=\"entry__error entry__error--primary\" style=\"font-size:16px; text-align:left; font-family:Helvetica, sans-serif; color:#661d1d; background-color:#ffeded; border-radius:3px; border-color:#ff4949;\">\n              <\/label>\n            <\/div>\n          <\/div>\n        <\/div>\n        <div style=\"padding: 8px 0;\">\n          <div class=\"sib-captcha sib-form-block\">\n            <div class=\"form__entry entry_block\">\n              <div class=\"form__label-row \">\n                <script>\n                  function handleCaptchaResponse() {\n                    var event = new Event('captchaChange');\n                    document.getElementById('sib-captcha').dispatchEvent(event);\n                  }\n                <\/script>\n                <div class=\"g-recaptcha sib-visible-recaptcha\" id=\"sib-captcha\" data-sitekey=\"6Lfx_YEsAAAAAGRBLO5V7UnXBnmS8ZgcwrZEiUt5\" data-callback=\"handleCaptchaResponse\" style=\"direction:ltr\"><\/div>\n              <\/div>\n              <label class=\"entry__error entry__error--primary\" style=\"font-size:16px; text-align:left; font-family:Helvetica, sans-serif; color:#661d1d; background-color:#ffeded; border-radius:3px; border-color:#ff4949;\">\n              <\/label>\n            <\/div>\n          <\/div>\n        <\/div>\n        <div style=\"padding: 8px 0;\">\n          <div class=\"sib-form-block\" style=\"text-align: left\">\n            <button class=\"sib-form-block__button sib-form-block__button-with-loader\" style=\"font-size:16px; text-align:left; font-weight:700; font-family:Helvetica, sans-serif; color:#FFFFFF; background-color:#4b2515; border-radius:3px; border-width:0px;\" form=\"sib-form\" type=\"submit\">\n              <svg class=\"icon clickable__icon progress-indicator__icon sib-hide-loader-icon\" viewBox=\"0 0 512 512\" style=\"\">\n                <path d=\"M460.116 373.846l-20.823-12.022c-5.541-3.199-7.54-10.159-4.663-15.874 30.137-59.886 28.343-131.652-5.386-189.946-33.641-58.394-94.896-95.833-161.827-99.676C261.028 55.961 256 50.751 256 44.352V20.309c0-6.904 5.808-12.337 12.703-11.982 83.556 4.306 160.163 50.864 202.11 123.677 42.063 72.696 44.079 162.316 6.031 236.832-3.14 6.148-10.75 8.461-16.728 5.01z\" \/>\n              <\/svg>\n              \ud83d\udc49 RECEVOIR MES RESSOURCES\n            <\/button>\n          <\/div>\n        <\/div>\n\n        <input type=\"text\" name=\"email_address_check\" value=\"\" class=\"input--hidden\">\n        <input type=\"hidden\" name=\"locale\" value=\"fr\">\n      <\/form>\n    <\/div>\n  <\/div>\n<\/div>\n<!-- END - We recommend to place the above code where you want the form in your website html  -->\n\n<!-- START - We recommend to place the below code in footer or bottom of your website html  -->\n<script>\n  window.REQUIRED_CODE_ERROR_MESSAGE = 'Veuillez choisir un code pays';\n  window.LOCALE = 'fr';\n  window.EMAIL_INVALID_MESSAGE = window.SMS_INVALID_MESSAGE = \"Les informations que vous avez fournies ne sont pas valides. Veuillez v\u00e9rifier le format du champ et r\u00e9essayer.\";\n\n  window.REQUIRED_ERROR_MESSAGE = \"Vous devez renseigner ce champ. \";\n\n  window.GENERIC_INVALID_MESSAGE = \"Les informations que vous avez fournies ne sont pas valides. Veuillez v\u00e9rifier le format du champ et r\u00e9essayer.\";\n\n\n\n\n  window.translation = {\n    common: {\n      selectedList: '{quantity} liste s\u00e9lectionn\u00e9e',\n      selectedLists: '{quantity} listes s\u00e9lectionn\u00e9es',\n      selectedOption: '{quantity} s\u00e9lectionn\u00e9',\n      selectedOptions: '{quantity} s\u00e9lectionn\u00e9s',\n    }\n  };\n\n  var AUTOHIDE = Boolean(0);\n<\/script>\n\n<script defer src=\"https:\/\/sibforms.com\/forms\/end-form\/build\/main.js\"><\/script>\n\n<script src=\"https:\/\/www.google.com\/recaptcha\/api.js?hl=fr\"><\/script>\n\n<!-- END - We recommend to place the above code in footer or bottom of your website html  -->\n<!-- End Brevo Form -->\t\t\t\t<\/div>\n\t\t\t\t<\/div>\n\t\t\t\t\t<\/div>\n\t\t<\/div>\n\t\t\t\t<div class=\"elementor-column elementor-col-50 elementor-top-column elementor-element elementor-element-829cdb9\" data-id=\"829cdb9\" data-element_type=\"column\" data-e-type=\"column\">\n\t\t\t<div class=\"elementor-widget-wrap elementor-element-populated\">\n\t\t\t\t\t\t<div class=\"elementor-element elementor-element-b76060f elementor-widget__width-initial elementor-widget elementor-widget-image\" data-id=\"b76060f\" data-element_type=\"widget\" data-e-type=\"widget\" data-widget_type=\"image.default\">\n\t\t\t\t<div class=\"elementor-widget-container\">\n\t\t\t\t\t\t\t\t\t\t\t\t\t\t\t<img fetchpriority=\"high\" decoding=\"async\" width=\"1024\" height=\"1024\" src=\"https:\/\/romanemoreira.com\/wp-content\/uploads\/2026\/03\/MAGNETIC-1920-x-1920-px-4-1-1024x1024.png\" class=\"attachment-large size-large wp-image-5103\" alt=\"\" srcset=\"https:\/\/romanemoreira.com\/wp-content\/uploads\/2026\/03\/MAGNETIC-1920-x-1920-px-4-1-1024x1024.png 1024w, https:\/\/romanemoreira.com\/wp-content\/uploads\/2026\/03\/MAGNETIC-1920-x-1920-px-4-1-300x300.png 300w, https:\/\/romanemoreira.com\/wp-content\/uploads\/2026\/03\/MAGNETIC-1920-x-1920-px-4-1-150x150.png 150w, https:\/\/romanemoreira.com\/wp-content\/uploads\/2026\/03\/MAGNETIC-1920-x-1920-px-4-1-768x768.png 768w, https:\/\/romanemoreira.com\/wp-content\/uploads\/2026\/03\/MAGNETIC-1920-x-1920-px-4-1-1536x1536.png 1536w, https:\/\/romanemoreira.com\/wp-content\/uploads\/2026\/03\/MAGNETIC-1920-x-1920-px-4-1.png 1920w\" sizes=\"(max-width: 1024px) 100vw, 1024px\" \/>\t\t\t\t\t\t\t\t\t\t\t\t\t\t\t<\/div>\n\t\t\t\t<\/div>\n\t\t\t\t\t<\/div>\n\t\t<\/div>\n\t\t\t\t\t<\/div>\n\t\t<\/section>\n\t\t\t\t<\/div>\n\t\t","protected":false},"excerpt":{"rendered":"<p>R\u00e9dige des posts qui captivent enfin ton audience \u2764\ufe0f\u200d\ud83d\udd25 T\u00e9l\u00e9charge d\u00e8s maintenant ta vid\u00e9o offerte\ud83d\udc47 Nous n&#039;avons pas pu confirmer votre inscription. Votre inscription est confirm\u00e9e. Ton pr\u00e9nom : Ton nom : Ton email : \ud83d\udc49 RECEVOIR MES RESSOURCES<\/p>\n","protected":false},"author":1,"featured_media":0,"parent":0,"menu_order":0,"comment_status":"closed","ping_status":"closed","template":"","meta":{"om_disable_all_campaigns":false,"_monsterinsights_skip_tracking":false,"_monsterinsights_sitenote_active":false,"_monsterinsights_sitenote_note":"","_monsterinsights_sitenote_category":0,"site-sidebar-layout":"no-sidebar","site-content-layout":"page-builder","ast-global-header-display":"","ast-main-header-display":"","ast-hfb-above-header-display":"","ast-hfb-below-header-display":"","ast-hfb-mobile-header-display":"","site-post-title":"disabled","ast-breadcrumbs-content":"","ast-featured-img":"disabled","footer-sml-layout":"","theme-transparent-header-meta":"","adv-header-id-meta":"","stick-header-meta":"","header-above-stick-meta":"","header-main-stick-meta":"","header-below-stick-meta":"","footnotes":""},"class_list":["post-5090","page","type-page","status-publish","hentry"],"aioseo_notices":[],"yoast_head":"<!-- This site is optimized with the Yoast SEO plugin v23.4 - https:\/\/yoast.com\/wordpress\/plugins\/seo\/ -->\n<title>Elementor #5090 -<\/title>\n<meta name=\"robots\" content=\"index, follow, max-snippet:-1, max-image-preview:large, max-video-preview:-1\" \/>\n<link rel=\"canonical\" href=\"https:\/\/romanemoreira.com\/index.php\/elementor-5090\/\" \/>\n<meta property=\"og:locale\" content=\"fr_FR\" \/>\n<meta property=\"og:type\" content=\"article\" \/>\n<meta property=\"og:title\" content=\"Elementor #5090 -\" \/>\n<meta property=\"og:description\" content=\"R\u00e9dige des posts qui captivent enfin ton audience \u2764\ufe0f\u200d\ud83d\udd25 T\u00e9l\u00e9charge d\u00e8s maintenant ta vid\u00e9o offerte\ud83d\udc47 Nous n&#039;avons pas pu confirmer votre inscription. Votre inscription est confirm\u00e9e. Ton pr\u00e9nom : Ton nom : Ton email : \ud83d\udc49 RECEVOIR MES RESSOURCES\" \/>\n<meta property=\"og:url\" content=\"https:\/\/romanemoreira.com\/index.php\/elementor-5090\/\" \/>\n<meta property=\"article:modified_time\" content=\"2026-03-16T22:49:26+00:00\" \/>\n<meta property=\"og:image\" content=\"http:\/\/romanemoreira.com\/wp-content\/uploads\/2026\/03\/MAGNETIC-1920-x-1920-px-4-1-1024x1024.png\" \/>\n<meta name=\"twitter:card\" content=\"summary_large_image\" \/>\n<meta name=\"twitter:label1\" content=\"Dur\u00e9e de lecture estim\u00e9e\" \/>\n\t<meta name=\"twitter:data1\" content=\"1 minute\" \/>\n<script type=\"application\/ld+json\" class=\"yoast-schema-graph\">{\"@context\":\"https:\/\/schema.org\",\"@graph\":[{\"@type\":\"WebPage\",\"@id\":\"https:\/\/romanemoreira.com\/index.php\/elementor-5090\/\",\"url\":\"https:\/\/romanemoreira.com\/index.php\/elementor-5090\/\",\"name\":\"Elementor #5090 -\",\"isPartOf\":{\"@id\":\"https:\/\/romanemoreira.com\/#website\"},\"primaryImageOfPage\":{\"@id\":\"https:\/\/romanemoreira.com\/index.php\/elementor-5090\/#primaryimage\"},\"image\":{\"@id\":\"https:\/\/romanemoreira.com\/index.php\/elementor-5090\/#primaryimage\"},\"thumbnailUrl\":\"http:\/\/romanemoreira.com\/wp-content\/uploads\/2026\/03\/MAGNETIC-1920-x-1920-px-4-1-1024x1024.png\",\"datePublished\":\"2026-03-16T20:40:39+00:00\",\"dateModified\":\"2026-03-16T22:49:26+00:00\",\"breadcrumb\":{\"@id\":\"https:\/\/romanemoreira.com\/index.php\/elementor-5090\/#breadcrumb\"},\"inLanguage\":\"fr-FR\",\"potentialAction\":[{\"@type\":\"ReadAction\",\"target\":[\"https:\/\/romanemoreira.com\/index.php\/elementor-5090\/\"]}]},{\"@type\":\"ImageObject\",\"inLanguage\":\"fr-FR\",\"@id\":\"https:\/\/romanemoreira.com\/index.php\/elementor-5090\/#primaryimage\",\"url\":\"https:\/\/romanemoreira.com\/wp-content\/uploads\/2026\/03\/MAGNETIC-1920-x-1920-px-4-1.png\",\"contentUrl\":\"https:\/\/romanemoreira.com\/wp-content\/uploads\/2026\/03\/MAGNETIC-1920-x-1920-px-4-1.png\",\"width\":1920,\"height\":1920},{\"@type\":\"BreadcrumbList\",\"@id\":\"https:\/\/romanemoreira.com\/index.php\/elementor-5090\/#breadcrumb\",\"itemListElement\":[{\"@type\":\"ListItem\",\"position\":1,\"name\":\"Accueil\",\"item\":\"https:\/\/romanemoreira.com\/\"},{\"@type\":\"ListItem\",\"position\":2,\"name\":\"Elementor #5090\"}]},{\"@type\":\"WebSite\",\"@id\":\"https:\/\/romanemoreira.com\/#website\",\"url\":\"https:\/\/romanemoreira.com\/\",\"name\":\"\",\"description\":\"\",\"potentialAction\":[{\"@type\":\"SearchAction\",\"target\":{\"@type\":\"EntryPoint\",\"urlTemplate\":\"https:\/\/romanemoreira.com\/?s={search_term_string}\"},\"query-input\":{\"@type\":\"PropertyValueSpecification\",\"valueRequired\":true,\"valueName\":\"search_term_string\"}}],\"inLanguage\":\"fr-FR\"}]}<\/script>\n<!-- \/ Yoast SEO plugin. -->","yoast_head_json":{"title":"Elementor #5090 -","robots":{"index":"index","follow":"follow","max-snippet":"max-snippet:-1","max-image-preview":"max-image-preview:large","max-video-preview":"max-video-preview:-1"},"canonical":"https:\/\/romanemoreira.com\/index.php\/elementor-5090\/","og_locale":"fr_FR","og_type":"article","og_title":"Elementor #5090 -","og_description":"R\u00e9dige des posts qui captivent enfin ton audience \u2764\ufe0f\u200d\ud83d\udd25 T\u00e9l\u00e9charge d\u00e8s maintenant ta vid\u00e9o offerte\ud83d\udc47 Nous n&#039;avons pas pu confirmer votre inscription. Votre inscription est confirm\u00e9e. Ton pr\u00e9nom : Ton nom : Ton email : \ud83d\udc49 RECEVOIR MES RESSOURCES","og_url":"https:\/\/romanemoreira.com\/index.php\/elementor-5090\/","article_modified_time":"2026-03-16T22:49:26+00:00","og_image":[{"url":"http:\/\/romanemoreira.com\/wp-content\/uploads\/2026\/03\/MAGNETIC-1920-x-1920-px-4-1-1024x1024.png"}],"twitter_card":"summary_large_image","twitter_misc":{"Dur\u00e9e de lecture estim\u00e9e":"1 minute"},"schema":{"@context":"https:\/\/schema.org","@graph":[{"@type":"WebPage","@id":"https:\/\/romanemoreira.com\/index.php\/elementor-5090\/","url":"https:\/\/romanemoreira.com\/index.php\/elementor-5090\/","name":"Elementor #5090 -","isPartOf":{"@id":"https:\/\/romanemoreira.com\/#website"},"primaryImageOfPage":{"@id":"https:\/\/romanemoreira.com\/index.php\/elementor-5090\/#primaryimage"},"image":{"@id":"https:\/\/romanemoreira.com\/index.php\/elementor-5090\/#primaryimage"},"thumbnailUrl":"http:\/\/romanemoreira.com\/wp-content\/uploads\/2026\/03\/MAGNETIC-1920-x-1920-px-4-1-1024x1024.png","datePublished":"2026-03-16T20:40:39+00:00","dateModified":"2026-03-16T22:49:26+00:00","breadcrumb":{"@id":"https:\/\/romanemoreira.com\/index.php\/elementor-5090\/#breadcrumb"},"inLanguage":"fr-FR","potentialAction":[{"@type":"ReadAction","target":["https:\/\/romanemoreira.com\/index.php\/elementor-5090\/"]}]},{"@type":"ImageObject","inLanguage":"fr-FR","@id":"https:\/\/romanemoreira.com\/index.php\/elementor-5090\/#primaryimage","url":"https:\/\/romanemoreira.com\/wp-content\/uploads\/2026\/03\/MAGNETIC-1920-x-1920-px-4-1.png","contentUrl":"https:\/\/romanemoreira.com\/wp-content\/uploads\/2026\/03\/MAGNETIC-1920-x-1920-px-4-1.png","width":1920,"height":1920},{"@type":"BreadcrumbList","@id":"https:\/\/romanemoreira.com\/index.php\/elementor-5090\/#breadcrumb","itemListElement":[{"@type":"ListItem","position":1,"name":"Accueil","item":"https:\/\/romanemoreira.com\/"},{"@type":"ListItem","position":2,"name":"Elementor #5090"}]},{"@type":"WebSite","@id":"https:\/\/romanemoreira.com\/#website","url":"https:\/\/romanemoreira.com\/","name":"","description":"","potentialAction":[{"@type":"SearchAction","target":{"@type":"EntryPoint","urlTemplate":"https:\/\/romanemoreira.com\/?s={search_term_string}"},"query-input":{"@type":"PropertyValueSpecification","valueRequired":true,"valueName":"search_term_string"}}],"inLanguage":"fr-FR"}]}},"_links":{"self":[{"href":"https:\/\/romanemoreira.com\/index.php\/wp-json\/wp\/v2\/pages\/5090"}],"collection":[{"href":"https:\/\/romanemoreira.com\/index.php\/wp-json\/wp\/v2\/pages"}],"about":[{"href":"https:\/\/romanemoreira.com\/index.php\/wp-json\/wp\/v2\/types\/page"}],"author":[{"embeddable":true,"href":"https:\/\/romanemoreira.com\/index.php\/wp-json\/wp\/v2\/users\/1"}],"replies":[{"embeddable":true,"href":"https:\/\/romanemoreira.com\/index.php\/wp-json\/wp\/v2\/comments?post=5090"}],"version-history":[{"count":17,"href":"https:\/\/romanemoreira.com\/index.php\/wp-json\/wp\/v2\/pages\/5090\/revisions"}],"predecessor-version":[{"id":5115,"href":"https:\/\/romanemoreira.com\/index.php\/wp-json\/wp\/v2\/pages\/5090\/revisions\/5115"}],"wp:attachment":[{"href":"https:\/\/romanemoreira.com\/index.php\/wp-json\/wp\/v2\/media?parent=5090"}],"curies":[{"name":"wp","href":"https:\/\/api.w.org\/{rel}","templated":true}]}}