{"id":4718,"date":"2025-10-20T21:00:21","date_gmt":"2025-10-20T19:00:21","guid":{"rendered":"https:\/\/romanemoreira.com\/?page_id=4718"},"modified":"2025-10-22T00:21:02","modified_gmt":"2025-10-21T22:21:02","slug":"elementor-4718","status":"publish","type":"page","link":"https:\/\/romanemoreira.com\/index.php\/elementor-4718\/","title":{"rendered":"Elementor #4718"},"content":{"rendered":"\t\t<div data-elementor-type=\"wp-page\" data-elementor-id=\"4718\" class=\"elementor elementor-4718\" data-elementor-post-type=\"page\">\n\t\t\t\t\t\t<section class=\"elementor-section elementor-top-section elementor-element elementor-element-808ca0e elementor-section-boxed elementor-section-height-default elementor-section-height-default\" data-id=\"808ca0e\" data-element_type=\"section\" data-e-type=\"section\" data-settings=\"{&quot;background_background&quot;:&quot;classic&quot;}\">\n\t\t\t\t\t\t<div class=\"elementor-container elementor-column-gap-default\">\n\t\t\t\t\t<div class=\"elementor-column elementor-col-100 elementor-top-column elementor-element elementor-element-1f4d321\" data-id=\"1f4d321\" data-element_type=\"column\" data-e-type=\"column\">\n\t\t\t<div class=\"elementor-widget-wrap elementor-element-populated\">\n\t\t\t\t\t\t<div class=\"elementor-element elementor-element-93b4681 elementor-widget elementor-widget-heading\" data-id=\"93b4681\" data-element_type=\"widget\" data-e-type=\"widget\" data-widget_type=\"heading.default\">\n\t\t\t\t<div class=\"elementor-widget-container\">\n\t\t\t\t\t<h2 class=\"elementor-heading-title elementor-size-default\">IL RESTE <i>70 JOURS<\/i> AVANT LA FIN D'ANN\u00c9E<br>TON PLAN D'ACTION EST ICI :<\/h2>\t\t\t\t<\/div>\n\t\t\t\t<\/div>\n\t\t\t\t<div class=\"elementor-element elementor-element-25c85f5 elementor-button-align-stretch elementor-widget elementor-widget-form\" data-id=\"25c85f5\" data-element_type=\"widget\" data-e-type=\"widget\" data-settings=\"{&quot;step_next_label&quot;:&quot;Next&quot;,&quot;step_previous_label&quot;:&quot;Previous&quot;,&quot;button_width&quot;:&quot;100&quot;,&quot;step_type&quot;:&quot;number_text&quot;,&quot;step_icon_shape&quot;:&quot;circle&quot;}\" data-widget_type=\"form.default\">\n\t\t\t\t<div class=\"elementor-widget-container\">\n\t\t\t\t\t\t\t<form class=\"elementor-form\" method=\"post\" name=\"New Form\" aria-label=\"New Form\">\n\t\t\t<input type=\"hidden\" name=\"post_id\" value=\"4718\"\/>\n\t\t\t<input type=\"hidden\" name=\"form_id\" value=\"25c85f5\"\/>\n\t\t\t<input type=\"hidden\" name=\"referer_title\" value=\"Romane M. - Offre d&#039;accompagnement -\" \/>\n\n\t\t\t\t\t\t\t<input type=\"hidden\" name=\"queried_id\" value=\"4718\"\/>\n\t\t\t\n\t\t\t<div class=\"elementor-form-fields-wrapper elementor-labels-above\">\n\t\t\t\t\t\t\t\t<div class=\"elementor-field-type-text elementor-field-group elementor-column elementor-field-group-name elementor-col-100 elementor-field-required elementor-mark-required\">\n\t\t\t\t\t\t\t\t\t\t\t\t<label for=\"form-field-name\" class=\"elementor-field-label\">\n\t\t\t\t\t\t\t\tTon nom :\t\t\t\t\t\t\t<\/label>\n\t\t\t\t\t\t\t\t\t\t\t\t\t\t<input size=\"1\" type=\"text\" name=\"form_fields[name]\" id=\"form-field-name\" class=\"elementor-field elementor-size-md  elementor-field-textual\" placeholder=\"Nom\" required=\"required\">\n\t\t\t\t\t\t\t\t\t\t\t<\/div>\n\t\t\t\t\t\t\t\t<div class=\"elementor-field-type-text elementor-field-group elementor-column elementor-field-group-field_78ad60b elementor-col-100 elementor-field-required elementor-mark-required\">\n\t\t\t\t\t\t\t\t\t\t\t\t<label for=\"form-field-field_78ad60b\" class=\"elementor-field-label\">\n\t\t\t\t\t\t\t\tTon pr\u00e9nom\t\t\t\t\t\t\t<\/label>\n\t\t\t\t\t\t\t\t\t\t\t\t\t\t<input size=\"1\" type=\"text\" name=\"form_fields[field_78ad60b]\" id=\"form-field-field_78ad60b\" class=\"elementor-field elementor-size-md  elementor-field-textual\" placeholder=\"Pr\u00e9nom\" required=\"required\">\n\t\t\t\t\t\t\t\t\t\t\t<\/div>\n\t\t\t\t\t\t\t\t<div class=\"elementor-field-type-email elementor-field-group elementor-column elementor-field-group-email elementor-col-100 elementor-field-required elementor-mark-required\">\n\t\t\t\t\t\t\t\t\t\t\t\t<label for=\"form-field-email\" class=\"elementor-field-label\">\n\t\t\t\t\t\t\t\tTon email :\t\t\t\t\t\t\t<\/label>\n\t\t\t\t\t\t\t\t\t\t\t\t\t\t<input size=\"1\" type=\"email\" name=\"form_fields[email]\" id=\"form-field-email\" class=\"elementor-field elementor-size-md  elementor-field-textual\" placeholder=\"Email\" required=\"required\">\n\t\t\t\t\t\t\t\t\t\t\t<\/div>\n\t\t\t\t\t\t\t\t<div class=\"elementor-field-group elementor-column elementor-field-type-submit elementor-col-100 e-form__buttons\">\n\t\t\t\t\t<button class=\"elementor-button elementor-size-sm\" type=\"submit\">\n\t\t\t\t\t\t<span class=\"elementor-button-content-wrapper\">\n\t\t\t\t\t\t\t\t\t\t\t\t\t\t\t\t\t\t\t\t\t\t<span class=\"elementor-button-text\">\ud83d\udc49 RECEVOIR LE PROMPT <\/span>\n\t\t\t\t\t\t\t\t\t\t\t\t\t<\/span>\n\t\t\t\t\t<\/button>\n\t\t\t\t<\/div>\n\t\t\t<\/div>\n\t\t<\/form>\n\t\t\t\t\t\t<\/div>\n\t\t\t\t<\/div>\n\t\t\t\t<div class=\"elementor-element elementor-element-c1258ee elementor-widget elementor-widget-text-editor\" data-id=\"c1258ee\" data-element_type=\"widget\" data-e-type=\"widget\" data-widget_type=\"text-editor.default\">\n\t\t\t\t<div class=\"elementor-widget-container\">\n\t\t\t\t\t\t\t\t\t<p>\u26a0\ufe0f Une fois que tu as entr\u00e9 tes coordonn\u00e9es, <strong>la page Notion va s&rsquo;ouvrir.<\/strong> Et tu vas recevoir le lien directement dans <b>ta bo\u00eete mail.<\/b><\/p>\n<p><span style=\"font-style: inherit; font-weight: inherit;\">(Il n&rsquo;y auras de spam, ne t&rsquo;inqui\u00e8te pas\ud83d\ude09)<\/span><\/p>\t\t\t\t\t\t\t\t<\/div>\n\t\t\t\t<\/div>\n\t\t\t\t\t<\/div>\n\t\t<\/div>\n\t\t\t\t\t<\/div>\n\t\t<\/section>\n\t\t\t\t<\/div>\n\t\t","protected":false},"excerpt":{"rendered":"<p>IL RESTE 70 JOURS AVANT LA FIN D&rsquo;ANN\u00c9ETON PLAN D&rsquo;ACTION EST ICI : \u26a0\ufe0f Une fois que tu as entr\u00e9 tes coordonn\u00e9es, la page Notion va s&rsquo;ouvrir. Et tu vas recevoir le lien directement dans ta bo\u00eete mail. (Il n&rsquo;y auras de spam, ne t&rsquo;inqui\u00e8te pas\ud83d\ude09)<\/p>\n","protected":false},"author":1,"featured_media":0,"parent":0,"menu_order":0,"comment_status":"closed","ping_status":"closed","template":"","meta":{"om_disable_all_campaigns":false,"_monsterinsights_skip_tracking":false,"_monsterinsights_sitenote_active":false,"_monsterinsights_sitenote_note":"","_monsterinsights_sitenote_category":0,"site-sidebar-layout":"no-sidebar","site-content-layout":"page-builder","ast-global-header-display":"","ast-main-header-display":"","ast-hfb-above-header-display":"","ast-hfb-below-header-display":"","ast-hfb-mobile-header-display":"","site-post-title":"disabled","ast-breadcrumbs-content":"","ast-featured-img":"disabled","footer-sml-layout":"","theme-transparent-header-meta":"","adv-header-id-meta":"","stick-header-meta":"","header-above-stick-meta":"","header-main-stick-meta":"","header-below-stick-meta":"","footnotes":""},"class_list":["post-4718","page","type-page","status-publish","hentry"],"aioseo_notices":[],"yoast_head":"<!-- This site is optimized with the Yoast SEO plugin v23.4 - https:\/\/yoast.com\/wordpress\/plugins\/seo\/ -->\n<title>Elementor #4718 -<\/title>\n<meta name=\"robots\" content=\"index, follow, max-snippet:-1, max-image-preview:large, max-video-preview:-1\" \/>\n<link rel=\"canonical\" href=\"https:\/\/romanemoreira.com\/index.php\/elementor-4718\/\" \/>\n<meta property=\"og:locale\" content=\"fr_FR\" \/>\n<meta property=\"og:type\" content=\"article\" \/>\n<meta property=\"og:title\" content=\"Elementor #4718 -\" \/>\n<meta property=\"og:description\" content=\"IL RESTE 70 JOURS AVANT LA FIN D&rsquo;ANN\u00c9ETON PLAN D&rsquo;ACTION EST ICI : \u26a0\ufe0f Une fois que tu as entr\u00e9 tes coordonn\u00e9es, la page Notion va s&rsquo;ouvrir. Et tu vas recevoir le lien directement dans ta bo\u00eete mail. (Il n&rsquo;y auras de spam, ne t&rsquo;inqui\u00e8te pas\ud83d\ude09)\" \/>\n<meta property=\"og:url\" content=\"https:\/\/romanemoreira.com\/index.php\/elementor-4718\/\" \/>\n<meta property=\"article:modified_time\" content=\"2025-10-21T22:21:02+00:00\" \/>\n<meta name=\"twitter:card\" content=\"summary_large_image\" \/>\n<meta name=\"twitter:label1\" content=\"Dur\u00e9e de lecture estim\u00e9e\" \/>\n\t<meta name=\"twitter:data1\" content=\"1 minute\" \/>\n<script type=\"application\/ld+json\" class=\"yoast-schema-graph\">{\"@context\":\"https:\/\/schema.org\",\"@graph\":[{\"@type\":\"WebPage\",\"@id\":\"https:\/\/romanemoreira.com\/index.php\/elementor-4718\/\",\"url\":\"https:\/\/romanemoreira.com\/index.php\/elementor-4718\/\",\"name\":\"Elementor #4718 -\",\"isPartOf\":{\"@id\":\"https:\/\/romanemoreira.com\/#website\"},\"datePublished\":\"2025-10-20T19:00:21+00:00\",\"dateModified\":\"2025-10-21T22:21:02+00:00\",\"breadcrumb\":{\"@id\":\"https:\/\/romanemoreira.com\/index.php\/elementor-4718\/#breadcrumb\"},\"inLanguage\":\"fr-FR\",\"potentialAction\":[{\"@type\":\"ReadAction\",\"target\":[\"https:\/\/romanemoreira.com\/index.php\/elementor-4718\/\"]}]},{\"@type\":\"BreadcrumbList\",\"@id\":\"https:\/\/romanemoreira.com\/index.php\/elementor-4718\/#breadcrumb\",\"itemListElement\":[{\"@type\":\"ListItem\",\"position\":1,\"name\":\"Accueil\",\"item\":\"https:\/\/romanemoreira.com\/\"},{\"@type\":\"ListItem\",\"position\":2,\"name\":\"Elementor #4718\"}]},{\"@type\":\"WebSite\",\"@id\":\"https:\/\/romanemoreira.com\/#website\",\"url\":\"https:\/\/romanemoreira.com\/\",\"name\":\"\",\"description\":\"\",\"potentialAction\":[{\"@type\":\"SearchAction\",\"target\":{\"@type\":\"EntryPoint\",\"urlTemplate\":\"https:\/\/romanemoreira.com\/?s={search_term_string}\"},\"query-input\":{\"@type\":\"PropertyValueSpecification\",\"valueRequired\":true,\"valueName\":\"search_term_string\"}}],\"inLanguage\":\"fr-FR\"}]}<\/script>\n<!-- \/ Yoast SEO plugin. -->","yoast_head_json":{"title":"Elementor #4718 -","robots":{"index":"index","follow":"follow","max-snippet":"max-snippet:-1","max-image-preview":"max-image-preview:large","max-video-preview":"max-video-preview:-1"},"canonical":"https:\/\/romanemoreira.com\/index.php\/elementor-4718\/","og_locale":"fr_FR","og_type":"article","og_title":"Elementor #4718 -","og_description":"IL RESTE 70 JOURS AVANT LA FIN D&rsquo;ANN\u00c9ETON PLAN D&rsquo;ACTION EST ICI : \u26a0\ufe0f Une fois que tu as entr\u00e9 tes coordonn\u00e9es, la page Notion va s&rsquo;ouvrir. Et tu vas recevoir le lien directement dans ta bo\u00eete mail. (Il n&rsquo;y auras de spam, ne t&rsquo;inqui\u00e8te pas\ud83d\ude09)","og_url":"https:\/\/romanemoreira.com\/index.php\/elementor-4718\/","article_modified_time":"2025-10-21T22:21:02+00:00","twitter_card":"summary_large_image","twitter_misc":{"Dur\u00e9e de lecture estim\u00e9e":"1 minute"},"schema":{"@context":"https:\/\/schema.org","@graph":[{"@type":"WebPage","@id":"https:\/\/romanemoreira.com\/index.php\/elementor-4718\/","url":"https:\/\/romanemoreira.com\/index.php\/elementor-4718\/","name":"Elementor #4718 -","isPartOf":{"@id":"https:\/\/romanemoreira.com\/#website"},"datePublished":"2025-10-20T19:00:21+00:00","dateModified":"2025-10-21T22:21:02+00:00","breadcrumb":{"@id":"https:\/\/romanemoreira.com\/index.php\/elementor-4718\/#breadcrumb"},"inLanguage":"fr-FR","potentialAction":[{"@type":"ReadAction","target":["https:\/\/romanemoreira.com\/index.php\/elementor-4718\/"]}]},{"@type":"BreadcrumbList","@id":"https:\/\/romanemoreira.com\/index.php\/elementor-4718\/#breadcrumb","itemListElement":[{"@type":"ListItem","position":1,"name":"Accueil","item":"https:\/\/romanemoreira.com\/"},{"@type":"ListItem","position":2,"name":"Elementor #4718"}]},{"@type":"WebSite","@id":"https:\/\/romanemoreira.com\/#website","url":"https:\/\/romanemoreira.com\/","name":"","description":"","potentialAction":[{"@type":"SearchAction","target":{"@type":"EntryPoint","urlTemplate":"https:\/\/romanemoreira.com\/?s={search_term_string}"},"query-input":{"@type":"PropertyValueSpecification","valueRequired":true,"valueName":"search_term_string"}}],"inLanguage":"fr-FR"}]}},"_links":{"self":[{"href":"https:\/\/romanemoreira.com\/index.php\/wp-json\/wp\/v2\/pages\/4718"}],"collection":[{"href":"https:\/\/romanemoreira.com\/index.php\/wp-json\/wp\/v2\/pages"}],"about":[{"href":"https:\/\/romanemoreira.com\/index.php\/wp-json\/wp\/v2\/types\/page"}],"author":[{"embeddable":true,"href":"https:\/\/romanemoreira.com\/index.php\/wp-json\/wp\/v2\/users\/1"}],"replies":[{"embeddable":true,"href":"https:\/\/romanemoreira.com\/index.php\/wp-json\/wp\/v2\/comments?post=4718"}],"version-history":[{"count":5,"href":"https:\/\/romanemoreira.com\/index.php\/wp-json\/wp\/v2\/pages\/4718\/revisions"}],"predecessor-version":[{"id":4723,"href":"https:\/\/romanemoreira.com\/index.php\/wp-json\/wp\/v2\/pages\/4718\/revisions\/4723"}],"wp:attachment":[{"href":"https:\/\/romanemoreira.com\/index.php\/wp-json\/wp\/v2\/media?parent=4718"}],"curies":[{"name":"wp","href":"https:\/\/api.w.org\/{rel}","templated":true}]}}