{"id":2186,"date":"2023-02-24T11:04:27","date_gmt":"2023-02-24T10:04:27","guid":{"rendered":"https:\/\/romanemoreira.com\/?page_id=2186"},"modified":"2026-02-04T12:45:24","modified_gmt":"2026-02-04T11:45:24","slug":"mentions-legales","status":"publish","type":"page","link":"https:\/\/romanemoreira.com\/index.php\/mentions-legales\/","title":{"rendered":"Mentions l\u00e9gales"},"content":{"rendered":"\t\t<div data-elementor-type=\"wp-page\" data-elementor-id=\"2186\" class=\"elementor elementor-2186\" data-elementor-post-type=\"page\">\n\t\t\t\t\t\t<section class=\"elementor-section elementor-top-section elementor-element elementor-element-0ec2432 elementor-section-boxed elementor-section-height-default elementor-section-height-default\" data-id=\"0ec2432\" data-element_type=\"section\" data-e-type=\"section\">\n\t\t\t\t\t\t<div class=\"elementor-container elementor-column-gap-default\">\n\t\t\t\t\t<div class=\"elementor-column elementor-col-100 elementor-top-column elementor-element elementor-element-964d7cf\" data-id=\"964d7cf\" data-element_type=\"column\" data-e-type=\"column\">\n\t\t\t<div class=\"elementor-widget-wrap elementor-element-populated\">\n\t\t\t\t\t\t<div class=\"elementor-element elementor-element-0affee1 elementor-widget elementor-widget-heading\" data-id=\"0affee1\" data-element_type=\"widget\" data-e-type=\"widget\" data-widget_type=\"heading.default\">\n\t\t\t\t<div class=\"elementor-widget-container\">\n\t\t\t\t\t<h2 class=\"elementor-heading-title elementor-size-default\">MENTIONS LEGALES <\/h2>\t\t\t\t<\/div>\n\t\t\t\t<\/div>\n\t\t\t\t<div class=\"elementor-element elementor-element-429e317 elementor-widget elementor-widget-text-editor\" data-id=\"429e317\" data-element_type=\"widget\" data-e-type=\"widget\" data-widget_type=\"text-editor.default\">\n\t\t\t\t<div class=\"elementor-widget-container\">\n\t\t\t\t\t\t\t\t\t<p>En vertu de l\u2019article 6 de la loi n\u00b0 2004-575 du 21 juin 2004 pour la confiance dans l\u2019\u00e9conomie num\u00e9rique, il est pr\u00e9cis\u00e9 aux utilisateurs du site internet&nbsp;<a href=\"https:\/\/romanemoreira.com\" target=\"_blank\" rel=\"noopener\">https:\/\/romanemoreira.com<\/a><span style=\"color: #3a3a3a;\">&nbsp;l<\/span>\u2019identit\u00e9 des diff\u00e9rents intervenants dans le cadre de sa r\u00e9alisation et de son suivi :<\/p>\n<p><b>Propri\u00e9taire&nbsp;<\/b><\/p>\n<p><a style=\"font-family: -apple-system, BlinkMacSystemFont, 'Segoe UI', Roboto, Oxygen-Sans, Ubuntu, Cantarell, 'Helvetica Neue', sans-serif; font-size: 1rem; font-weight: inherit; background-color: #ffffff; outline: 0px;\" href=\"https:\/\/romanemoreira.com\/\" target=\"_blank\" rel=\"noopener\">https:\/\/romanemoreira.com<\/a><b> est \u00e9dit\u00e9 par la soci\u00e9t\u00e9 Romane Moreira, auto-entrepreneur,<\/b><\/p>\n<p class=\"p1\">N\u00b0 SIRET : 94759235800016<\/p>\n<p><b><\/b><span style=\"font-style: inherit; font-weight: inherit; color: var(--ast-global-color-3); font-family: -apple-system, BlinkMacSystemFont, 'Segoe UI', Roboto, Oxygen-Sans, Ubuntu, Cantarell, 'Helvetica Neue', sans-serif;\">dont le si\u00e8ge social est situ\u00e9 \u00e0 Schiltigheim, 67300.&nbsp;<\/span><\/p>\n<div style=\"margin: 0px; padding: 0px; border: 0px; font-style: inherit; font-weight: inherit; outline: 0px; vertical-align: baseline;\" title=\"Page 1\">\n<div style=\"margin: 0px; padding: 0px; border: 0px; outline: 0px; vertical-align: baseline; caret-color: #7a7a7a; color: #7a7a7a; font-family: -apple-system, BlinkMacSystemFont, 'Segoe UI', Roboto, Oxygen-Sans, Ubuntu, Cantarell, 'Helvetica Neue', sans-serif; text-size-adjust: auto;\">\n<div style=\"margin: 0px; padding: 0px; border: 0px; font-style: inherit; font-weight: inherit; outline: 0px; vertical-align: baseline;\">\n<div style=\"margin: 0px; padding: 0px; border: 0px; font-style: inherit; font-weight: inherit; outline: 0px; vertical-align: baseline;\">&nbsp;<\/div>\n<\/div>\n<\/div>\n<\/div>\n<p><b>H\u00e9bergeur<\/b><\/p>\n<p>Hostinger<\/p>\n<p>61 Lordou Vironos Street 6023 Larnaca, Chypre<\/p>\n<p><b>Nous contacter :&nbsp;<\/b><\/p>\n<p>contact@romanemoreira.com<span style=\"color: rgb(75, 79, 88); font-family: -apple-system, BlinkMacSystemFont, &quot;Segoe UI&quot;, Roboto, Oxygen-Sans, Ubuntu, Cantarell, &quot;Helvetica Neue&quot;, sans-serif; font-size: 1rem; font-style: inherit; font-weight: inherit;\">&nbsp;<\/span><\/p>\n<p><b>Donn\u00e9es personnelles :&nbsp;<\/b><\/p>\n<p>Le traitement de vos donn\u00e9es \u00e0 caract\u00e8res personnel est r\u00e9gi par notre charte du respect de la vie priv\u00e9e conform\u00e9ment au R\u00e8glement G\u00e9n\u00e9ral sur la Protection des Donn\u00e9es (RGPD) 2016\/679 du 27 avril 2016.&nbsp;<\/p>\t\t\t\t\t\t\t\t<\/div>\n\t\t\t\t<\/div>\n\t\t\t\t\t<\/div>\n\t\t<\/div>\n\t\t\t\t\t<\/div>\n\t\t<\/section>\n\t\t\t\t<\/div>\n\t\t","protected":false},"excerpt":{"rendered":"<p>MENTIONS LEGALES En vertu de l\u2019article 6 de la loi n\u00b0 2004-575 du 21 juin 2004 pour la confiance dans l\u2019\u00e9conomie num\u00e9rique, il est pr\u00e9cis\u00e9 aux utilisateurs du site internet&nbsp;https:\/\/romanemoreira.com&nbsp;l\u2019identit\u00e9 des diff\u00e9rents intervenants dans le cadre de sa r\u00e9alisation et de son suivi : Propri\u00e9taire&nbsp; https:\/\/romanemoreira.com est \u00e9dit\u00e9 par la soci\u00e9t\u00e9 Romane Moreira, auto-entrepreneur, N\u00b0 &hellip;<\/p>\n<p class=\"read-more\"> <a class=\"\" href=\"https:\/\/romanemoreira.com\/index.php\/mentions-legales\/\"> <span class=\"screen-reader-text\">Mentions l\u00e9gales<\/span> Lire la suite\u00a0\u00bb<\/a><\/p>\n","protected":false},"author":1,"featured_media":0,"parent":0,"menu_order":0,"comment_status":"closed","ping_status":"closed","template":"","meta":{"om_disable_all_campaigns":false,"_monsterinsights_skip_tracking":false,"_monsterinsights_sitenote_active":false,"_monsterinsights_sitenote_note":"","_monsterinsights_sitenote_category":0,"site-sidebar-layout":"no-sidebar","site-content-layout":"page-builder","ast-global-header-display":"","ast-main-header-display":"","ast-hfb-above-header-display":"","ast-hfb-below-header-display":"","ast-hfb-mobile-header-display":"","site-post-title":"disabled","ast-breadcrumbs-content":"","ast-featured-img":"disabled","footer-sml-layout":"","theme-transparent-header-meta":"","adv-header-id-meta":"","stick-header-meta":"","header-above-stick-meta":"","header-main-stick-meta":"","header-below-stick-meta":"","footnotes":""},"class_list":["post-2186","page","type-page","status-publish","hentry"],"aioseo_notices":[],"yoast_head":"<!-- This site is optimized with the Yoast SEO plugin v23.4 - https:\/\/yoast.com\/wordpress\/plugins\/seo\/ -->\n<title>Mentions l\u00e9gales -<\/title>\n<meta name=\"robots\" content=\"index, follow, max-snippet:-1, max-image-preview:large, max-video-preview:-1\" \/>\n<link rel=\"canonical\" href=\"https:\/\/romanemoreira.com\/index.php\/mentions-legales\/\" \/>\n<meta property=\"og:locale\" content=\"fr_FR\" \/>\n<meta property=\"og:type\" content=\"article\" \/>\n<meta property=\"og:title\" content=\"Mentions l\u00e9gales -\" \/>\n<meta property=\"og:description\" content=\"MENTIONS LEGALES En vertu de l\u2019article 6 de la loi n\u00b0 2004-575 du 21 juin 2004 pour la confiance dans l\u2019\u00e9conomie num\u00e9rique, il est pr\u00e9cis\u00e9 aux utilisateurs du site internet&nbsp;https:\/\/romanemoreira.com&nbsp;l\u2019identit\u00e9 des diff\u00e9rents intervenants dans le cadre de sa r\u00e9alisation et de son suivi : Propri\u00e9taire&nbsp; https:\/\/romanemoreira.com est \u00e9dit\u00e9 par la soci\u00e9t\u00e9 Romane Moreira, auto-entrepreneur, N\u00b0 &hellip; Mentions l\u00e9gales Lire la suite\u00a0\u00bb\" \/>\n<meta property=\"og:url\" content=\"https:\/\/romanemoreira.com\/index.php\/mentions-legales\/\" \/>\n<meta property=\"article:modified_time\" content=\"2026-02-04T11:45:24+00:00\" \/>\n<meta name=\"twitter:card\" content=\"summary_large_image\" \/>\n<meta name=\"twitter:label1\" content=\"Dur\u00e9e de lecture estim\u00e9e\" \/>\n\t<meta name=\"twitter:data1\" content=\"1 minute\" \/>\n<script type=\"application\/ld+json\" class=\"yoast-schema-graph\">{\"@context\":\"https:\/\/schema.org\",\"@graph\":[{\"@type\":\"WebPage\",\"@id\":\"https:\/\/romanemoreira.com\/index.php\/mentions-legales\/\",\"url\":\"https:\/\/romanemoreira.com\/index.php\/mentions-legales\/\",\"name\":\"Mentions l\u00e9gales -\",\"isPartOf\":{\"@id\":\"https:\/\/romanemoreira.com\/#website\"},\"datePublished\":\"2023-02-24T10:04:27+00:00\",\"dateModified\":\"2026-02-04T11:45:24+00:00\",\"breadcrumb\":{\"@id\":\"https:\/\/romanemoreira.com\/index.php\/mentions-legales\/#breadcrumb\"},\"inLanguage\":\"fr-FR\",\"potentialAction\":[{\"@type\":\"ReadAction\",\"target\":[\"https:\/\/romanemoreira.com\/index.php\/mentions-legales\/\"]}]},{\"@type\":\"BreadcrumbList\",\"@id\":\"https:\/\/romanemoreira.com\/index.php\/mentions-legales\/#breadcrumb\",\"itemListElement\":[{\"@type\":\"ListItem\",\"position\":1,\"name\":\"Accueil\",\"item\":\"https:\/\/romanemoreira.com\/\"},{\"@type\":\"ListItem\",\"position\":2,\"name\":\"Mentions l\u00e9gales\"}]},{\"@type\":\"WebSite\",\"@id\":\"https:\/\/romanemoreira.com\/#website\",\"url\":\"https:\/\/romanemoreira.com\/\",\"name\":\"\",\"description\":\"\",\"potentialAction\":[{\"@type\":\"SearchAction\",\"target\":{\"@type\":\"EntryPoint\",\"urlTemplate\":\"https:\/\/romanemoreira.com\/?s={search_term_string}\"},\"query-input\":{\"@type\":\"PropertyValueSpecification\",\"valueRequired\":true,\"valueName\":\"search_term_string\"}}],\"inLanguage\":\"fr-FR\"}]}<\/script>\n<!-- \/ Yoast SEO plugin. -->","yoast_head_json":{"title":"Mentions l\u00e9gales -","robots":{"index":"index","follow":"follow","max-snippet":"max-snippet:-1","max-image-preview":"max-image-preview:large","max-video-preview":"max-video-preview:-1"},"canonical":"https:\/\/romanemoreira.com\/index.php\/mentions-legales\/","og_locale":"fr_FR","og_type":"article","og_title":"Mentions l\u00e9gales -","og_description":"MENTIONS LEGALES En vertu de l\u2019article 6 de la loi n\u00b0 2004-575 du 21 juin 2004 pour la confiance dans l\u2019\u00e9conomie num\u00e9rique, il est pr\u00e9cis\u00e9 aux utilisateurs du site internet&nbsp;https:\/\/romanemoreira.com&nbsp;l\u2019identit\u00e9 des diff\u00e9rents intervenants dans le cadre de sa r\u00e9alisation et de son suivi : Propri\u00e9taire&nbsp; https:\/\/romanemoreira.com est \u00e9dit\u00e9 par la soci\u00e9t\u00e9 Romane Moreira, auto-entrepreneur, N\u00b0 &hellip; Mentions l\u00e9gales Lire la suite\u00a0\u00bb","og_url":"https:\/\/romanemoreira.com\/index.php\/mentions-legales\/","article_modified_time":"2026-02-04T11:45:24+00:00","twitter_card":"summary_large_image","twitter_misc":{"Dur\u00e9e de lecture estim\u00e9e":"1 minute"},"schema":{"@context":"https:\/\/schema.org","@graph":[{"@type":"WebPage","@id":"https:\/\/romanemoreira.com\/index.php\/mentions-legales\/","url":"https:\/\/romanemoreira.com\/index.php\/mentions-legales\/","name":"Mentions l\u00e9gales -","isPartOf":{"@id":"https:\/\/romanemoreira.com\/#website"},"datePublished":"2023-02-24T10:04:27+00:00","dateModified":"2026-02-04T11:45:24+00:00","breadcrumb":{"@id":"https:\/\/romanemoreira.com\/index.php\/mentions-legales\/#breadcrumb"},"inLanguage":"fr-FR","potentialAction":[{"@type":"ReadAction","target":["https:\/\/romanemoreira.com\/index.php\/mentions-legales\/"]}]},{"@type":"BreadcrumbList","@id":"https:\/\/romanemoreira.com\/index.php\/mentions-legales\/#breadcrumb","itemListElement":[{"@type":"ListItem","position":1,"name":"Accueil","item":"https:\/\/romanemoreira.com\/"},{"@type":"ListItem","position":2,"name":"Mentions l\u00e9gales"}]},{"@type":"WebSite","@id":"https:\/\/romanemoreira.com\/#website","url":"https:\/\/romanemoreira.com\/","name":"","description":"","potentialAction":[{"@type":"SearchAction","target":{"@type":"EntryPoint","urlTemplate":"https:\/\/romanemoreira.com\/?s={search_term_string}"},"query-input":{"@type":"PropertyValueSpecification","valueRequired":true,"valueName":"search_term_string"}}],"inLanguage":"fr-FR"}]}},"_links":{"self":[{"href":"https:\/\/romanemoreira.com\/index.php\/wp-json\/wp\/v2\/pages\/2186"}],"collection":[{"href":"https:\/\/romanemoreira.com\/index.php\/wp-json\/wp\/v2\/pages"}],"about":[{"href":"https:\/\/romanemoreira.com\/index.php\/wp-json\/wp\/v2\/types\/page"}],"author":[{"embeddable":true,"href":"https:\/\/romanemoreira.com\/index.php\/wp-json\/wp\/v2\/users\/1"}],"replies":[{"embeddable":true,"href":"https:\/\/romanemoreira.com\/index.php\/wp-json\/wp\/v2\/comments?post=2186"}],"version-history":[{"count":13,"href":"https:\/\/romanemoreira.com\/index.php\/wp-json\/wp\/v2\/pages\/2186\/revisions"}],"predecessor-version":[{"id":4951,"href":"https:\/\/romanemoreira.com\/index.php\/wp-json\/wp\/v2\/pages\/2186\/revisions\/4951"}],"wp:attachment":[{"href":"https:\/\/romanemoreira.com\/index.php\/wp-json\/wp\/v2\/media?parent=2186"}],"curies":[{"name":"wp","href":"https:\/\/api.w.org\/{rel}","templated":true}]}}